{"id":1938,"date":"2014-07-04T20:53:09","date_gmt":"2014-07-04T17:53:09","guid":{"rendered":"http:\/\/racyja.stronazen.pl\/?page_id=1938"},"modified":"2022-04-30T18:25:28","modified_gmt":"2022-04-30T15:25:28","slug":"padlyashski-kantsert-pazhadannyau","status":"publish","type":"page","link":"https:\/\/www.racyja.com\/archivy\/padlyashski-kantsert-pazhadannyau\/","title":{"rendered":"\u041f\u0430\u0434\u043b\u044f\u0448\u0441\u043a\u0456 \u043a\u0430\u043d\u0446\u044d\u0440\u0442 \u043f\u0430\u0436\u0430\u0434\u0430\u043d\u043d\u044f\u045e"},"content":{"rendered":"<p>[ninja_forms_display_form id=2]<\/p>\n<p>kancert@racyja.com<\/p>\n<p>\u0442\u044d\u043b. \u0434\u043b\u044f SMS +48 508 667 663<\/p>\n<p>\u0442\u044d\u043b. \u0434\u043b\u044f \u0441\u043b\u0443\u0445\u0430\u0447\u043e\u045e +48 85 654 51 51 (\u0441\u0443\u0431\u043e\u0442\u0430 \u045e \u0433\u0430\u0434\u0437\u0456\u043d\u0430\u0445 18:00 &#8211; 21:00)<\/p>\n<p>&nbsp;<\/p>\n<div class=\"row\">\n<div class=\"col-sm-6\" style=\"font-size: 10px; color: #666666;\">\n<p class=\"\">Zgodnie z art. 13 og\u00f3lnego rozporz\u0105dzenia o ochronie danych osobowych (okre\u015blane jako &#8222;RODO&#8221;) z dnia 27 kwietnia 2016 r. (Dz. Urz. UE L 119 z 04.05.2016) chcieliby\u015bmy poinformowa\u0107 Pa\u0144stwa o przetwarzaniu Pa\u0144stwa danych oraz zasadach, na jakich b\u0119dzie si\u0119 to odbywa\u0142o po dniu 25 maja 2018 roku. Poni\u017cej znajduj\u0105 si\u0119 podstawowe informacje na ten temat:<\/p>\n<p>1) Administratorem Pani\/Pana danych osobowych jest Bia\u0142oruskie Centrum Informacyjne Sp\u00f3\u0142ka z\no.o.; ul. Ciep\u0142a 1\/7, 15-472 Bia\u0142ystok, Polska.\n2) Pani\/Pana dane osobowe przetwarzane b\u0119d\u0105 w celu nawi\u0105zania kontaktu jako usprawiedliwionego\ninteresu administratora.\n3) Odbiorcami Pani\/Pana danych osobowych b\u0119d\u0105 wy\u0142\u0105cznie podmioty uprawnione do uzyskania\ndanych osobowych na podstawie przepis\u00f3w prawa.\n4) Pani\/Pana dane osobowe przechowywane b\u0119d\u0105 przez okres do 2 lat.\n5) Posiada Pani\/Pan prawo do \u017c\u0105dania od administratora dost\u0119pu do danych osobowych, prawo do\nich sprostowania, usuni\u0119cia lub ograniczenia przetwarzania.\n6) Ma Pani\/Pan prawo wniesienia skargi do organu nadzorczego.\n7) Podanie danych osobowych jest dobrowolne, jednak\u017ce niepodanie danych mo\u017ce skutkowa\u0107 niemo\u017cliwo\u015bci\u0105 nawi\u0105zania kontaktu.<\/p>\n<\/div>\n<div class=\"col-sm-6\" style=\"font-size: 10px; color: #666666;\">\n<p class=\"\">\u0423 \u0430\u0434\u043f\u0430\u0432\u0435\u0434\u043d\u0430\u0441\u0446\u0456 \u0437 \u0430\u0440\u0442. 13 \u0410\u0433\u0443\u043b\u044c\u043d\u0430\u0433\u0430 \u0420\u044d\u0433\u043b\u0430\u043c\u0435\u043d\u0442\u0443 \u043f\u0430 \u0430\u0431\u0430\u0440\u043e\u043d\u0435 \u043f\u0435\u0440\u0441\u0430\u043d\u0430\u043b\u044c\u043d\u044b\u0445 \u0437\u0432\u0435\u0441\u0442\u0430\u043a (\u0430\u043d\u0433. General Data Protection Regulation, GDPR ) \u0430\u0434 27 \u043a\u0440\u0430\u0441\u0430\u0432\u0456\u043a\u0430 2016 \u0433. (\u0410\u0444\u0456\u0446\u044b\u0439\u043d\u044b \u0432\u0435\u0441\u043d\u0456\u043a \u0415\u0421 L 119 \u0430\u0434 04.05.2016) \u043c\u044b \u0445\u043e\u0447\u0430\u043c \u043f\u0430\u0432\u0435\u0434\u0430\u043c\u0456\u0446\u044c \u0412\u0430\u043c \u043f\u0440\u0430 \u0430\u043f\u0440\u0430\u0446\u043e\u045e\u043a\u0443 \u0412\u0430\u0448\u044b\u0445 \u043f\u0435\u0440\u0441\u0430\u043d\u0430\u043b\u044c\u043d\u044b\u0445 \u0437\u0432\u0435\u0441\u0442\u0430\u043a, \u0430 \u0442\u0430\u043a\u0441\u0430\u043c\u0430 \u043f\u0440\u0430 \u043f\u0440\u044b\u043d\u0446\u044b\u043f\u044b, \u043f\u0430\u0432\u043e\u0434\u043b\u0435 \u044f\u043a\u0456\u0445 \u0433\u044d\u0442\u0430 \u0431\u0443\u0434\u0437\u0435 \u0430\u0434\u0431\u044b\u0432\u0430\u0446\u0446\u0430 \u043f\u0430\u0441\u043b\u044f 25 \u0442\u0440\u0430\u045e\u043d\u044f 2018 \u0433\u043e\u0434\u0430. \u041d\u0456\u0436\u044d\u0439 \u043f\u0440\u0430\u0434\u0441\u0442\u0430\u045e\u043b\u0435\u043d\u0430 \u0430\u0441\u043d\u043e\u045e\u043d\u0430\u044f \u0456\u043d\u0444\u0430\u0440\u043c\u0430\u0446\u044b\u044f \u043d\u0430 \u0433\u044d\u0442\u0443\u044e \u0442\u044d\u043c\u0443:<\/p>\n<p>1) \u0410\u0434\u043c\u0456\u043d\u0456\u0441\u0442\u0440\u0430\u0442\u0430\u0440\u0430\u043c \u0412\u0430\u0448\u044b\u0445 \u043f\u0435\u0440\u0441\u0430\u043d\u0430\u043b\u044c\u043d\u044b\u0445 \u0437\u0432\u0435\u0441\u0442\u0430\u043a \u0437\u2019\u044f\u045e\u043b\u044f\u0435\u0446\u0446\u0430 \u0422\u0410\u0410 \u00ab\u0411\u0435\u043b\u0430\u0440\u0443\u0441\u043a\u0456 \u0456\u043d\u0444\u0430\u0440\u043c\u0430\u0446\u044b\u0439\u043d\u044b \u0446\u044d\u043d\u0442\u0440\u00bb, \u0432\u0443\u043b. \u0426\u0435\u043f\u043b\u0430, 1\/7, 15-472 \u0411\u0435\u043b\u0430\u0441\u0442\u043e\u043a, \u041f\u043e\u043b\u044c\u0448\u0447\u0430.\n2) \u0412\u0430\u0448\u044b \u043f\u0435\u0440\u0441\u0430\u043d\u0430\u043b\u044c\u043d\u044b\u044f \u0437\u0432\u0435\u0441\u0442\u043a\u0456 \u0431\u0443\u0434\u0443\u0446\u044c \u0430\u043f\u0440\u0430\u0446\u043e\u045e\u0432\u0430\u0446\u0446\u0430 \u0434\u0437\u0435\u043b\u044f \u043a\u0430\u043d\u0442\u0430\u043a\u0442\u0443 \u044f\u043a \u043d\u0435\u0430\u0431\u0445\u043e\u0434\u043d\u0430\u0435 \u0430\u0434\u043c\u0456\u043d\u0456\u0441\u0442\u0440\u0430\u0442\u0430\u0440\u0441\u043a\u0430\u0435 \u043f\u0430\u0442\u0440\u0430\u0431\u0430\u0432\u0430\u043d\u043d\u0435.\n3) \u0410\u0442\u0440\u044b\u043c\u0430\u043b\u044c\u043d\u0456\u043a\u0430\u043c\u0456 \u0412\u0430\u0448\u044b\u0445 \u043f\u0435\u0440\u0441\u0430\u043d\u0430\u043b\u044c\u043d\u044b\u0445 \u0437\u0432\u0435\u0441\u0442\u0430\u043a \u0431\u0443\u0434\u0443\u0446\u044c \u0432\u044b\u043a\u043b\u044e\u0447\u043d\u0430 \u0441\u0443\u0431\u2019\u0435\u043a\u0442\u044b, \u044f\u043a\u0456\u044f \u043c\u0430\u044e\u0446\u044c \u043f\u0440\u0430\u0432\u0430 \u0430\u0442\u0440\u044b\u043c\u0430\u043d\u043d\u044f \u043f\u0435\u0440\u0441\u0430\u043d\u0430\u043b\u044c\u043d\u044b\u0445 \u0437\u0432\u0435\u0441\u0442\u0430\u043a \u043d\u0430 \u043f\u0430\u0441\u0442\u0430\u0432\u0435 \u043d\u043e\u0440\u043c \u043f\u0440\u0430\u0432\u0430.\n4) \u0412\u0430\u0448\u044b \u043f\u0435\u0440\u0441\u0430\u043d\u0430\u043b\u044c\u043d\u044b\u044f \u0437\u0432\u0435\u0441\u0442\u043a\u0456 \u0431\u0443\u0434\u0443\u0446\u044c \u0437\u0430\u0445\u043e\u045e\u0432\u0430\u0446\u0446\u0430 \u043d\u0435 \u0431\u043e\u043b\u044c\u0448 \u0437\u0430 2 \u0433\u0430\u0434\u044b.\n5) \u0412\u044b \u043c\u0430\u0435\u0446\u0435 \u043f\u0440\u0430\u0432\u0430 \u043f\u0430\u0442\u0440\u0430\u0431\u0430\u0432\u0430\u0446\u044c \u0430\u0434 \u0430\u0434\u043c\u0456\u043d\u0456\u0441\u0442\u0440\u0430\u0442\u0430\u0440\u0430 \u0434\u043e\u0441\u0442\u0443\u043f\u0443 \u0434\u0430 \u043f\u0435\u0440\u0441\u0430\u043d\u0430\u043b\u044c\u043d\u044b\u0445 \u0437\u0432\u0435\u0441\u0442\u0430\u043a, \u0432\u044b\u043f\u0440\u0430\u045e\u043b\u0435\u043d\u043d\u044f, \u0432\u044b\u0434\u0430\u043b\u0435\u043d\u043d\u044f \u0430\u043b\u044c\u0431\u043e \u0430\u0431\u043c\u0435\u0436\u0430\u0432\u0430\u043d\u043d\u044f \u0430\u043f\u0440\u0430\u0446\u043e\u045e\u0432\u0430\u043d\u043d\u044f \u0437\u0432\u0435\u0441\u0442\u0430\u043a.\n6) \u0412\u044b \u043c\u043e\u0436\u0430\u0446\u0435 \u043f\u0430\u0434\u0430\u0446\u044c \u0441\u043a\u0430\u0440\u0433\u0443 \u045e \u043d\u0430\u0433\u043b\u044f\u0434\u0447\u044b \u043e\u0440\u0433\u0430\u043d.\n7) \u041f\u0430\u0434\u0430\u0447\u0430 \u0430\u0441\u0430\u0431\u0456\u0441\u0442\u044b\u0445 \u0437\u0432\u0435\u0441\u0442\u0430\u043a \u0437&#8217;\u044f\u045e\u043b\u044f\u0435\u0446\u0446\u0430 \u0434\u043e\u0431\u0440\u0430\u0430\u0445\u0432\u043e\u0442\u043d\u0430\u0439, \u0430\u043b\u0435 \u045e \u0430\u0434\u0432\u0430\u0440\u043e\u0442\u043d\u044b\u043c \u0432\u044b\u043f\u0430\u0434\u043a\u0443 \u0433\u044d\u0442\u0430 \u043c\u043e\u0436\u0430 \u0437\u0440\u0430\u0431\u0456\u0446\u044c \u043d\u0435\u043c\u0430\u0433\u0447\u044b\u043c\u0430\u0439 \u043d\u0430\u0432\u044f\u0437\u0430\u043d\u043d\u0435 \u043a\u0430\u043d\u0442\u0430\u043a\u0442\u0443.<\/p>\n<\/div>\n<\/div>\n","protected":false},"excerpt":{"rendered":"<p>[ninja_forms_display_form id=2] kancert@racyja.com \u0442\u044d\u043b. \u0434\u043b\u044f SMS +48 508 667 663 \u0442\u044d\u043b. \u0434\u043b\u044f \u0441\u043b\u0443\u0445\u0430\u0447\u043e\u045e +48 85 654 51 51 (\u0441\u0443\u0431\u043e\u0442\u0430 \u045e \u0433\u0430\u0434\u0437\u0456\u043d\u0430\u0445 18:00 &#8211; 21:00) &nbsp; Zgodnie z art. 13 og\u00f3lnego rozporz\u0105dzenia o ochronie danych osobowych (okre\u015blane jako &#8222;RODO&#8221;) z dnia 27 kwietnia 2016 r. (Dz. Urz. UE L 119 z 04.05.2016) chcieliby\u015bmy poinformowa\u0107 Pa\u0144stwa o [&hellip;]<\/p>\n","protected":false},"author":1,"featured_media":2700,"parent":0,"menu_order":0,"comment_status":"open","ping_status":"closed","template":"","meta":{"ngg_post_thumbnail":0,"footnotes":""},"class_list":["post-1938","page","type-page","status-publish","has-post-thumbnail","hentry"],"yoast_head":"<!-- This site is optimized with the Yoast SEO plugin v27.2 - https:\/\/yoast.com\/product\/yoast-seo-wordpress\/ -->\n<title>\u041f\u0430\u0434\u043b\u044f\u0448\u0441\u043a\u0456 \u043a\u0430\u043d\u0446\u044d\u0440\u0442 \u043f\u0430\u0436\u0430\u0434\u0430\u043d\u043d\u044f\u045e - \u0411\u0415\u041b\u0410\u0420\u0423\u0421\u041a\u0410\u0415 \u0420\u0410\u0414\u042b\u0401 \u0420\u0410\u0426\u042b\u042f<\/title>\n<meta name=\"robots\" content=\"noindex, follow, max-snippet:-1, max-image-preview:large, max-video-preview:-1\" \/>\n<meta property=\"og:locale\" content=\"pl_PL\" \/>\n<meta property=\"og:type\" content=\"article\" \/>\n<meta property=\"og:title\" content=\"\u041f\u0430\u0434\u043b\u044f\u0448\u0441\u043a\u0456 \u043a\u0430\u043d\u0446\u044d\u0440\u0442 \u043f\u0430\u0436\u0430\u0434\u0430\u043d\u043d\u044f\u045e - \u0411\u0415\u041b\u0410\u0420\u0423\u0421\u041a\u0410\u0415 \u0420\u0410\u0414\u042b\u0401 \u0420\u0410\u0426\u042b\u042f\" \/>\n<meta property=\"og:description\" content=\"[ninja_forms_display_form id=2] kancert@racyja.com \u0442\u044d\u043b. \u0434\u043b\u044f SMS +48 508 667 663 \u0442\u044d\u043b. \u0434\u043b\u044f \u0441\u043b\u0443\u0445\u0430\u0447\u043e\u045e +48 85 654 51 51 (\u0441\u0443\u0431\u043e\u0442\u0430 \u045e \u0433\u0430\u0434\u0437\u0456\u043d\u0430\u0445 18:00 &#8211; 21:00) &nbsp; Zgodnie z art. 13 og\u00f3lnego rozporz\u0105dzenia o ochronie danych osobowych (okre\u015blane jako &#8222;RODO&#8221;) z dnia 27 kwietnia 2016 r. (Dz. Urz. UE L 119 z 04.05.2016) chcieliby\u015bmy poinformowa\u0107 Pa\u0144stwa o [&hellip;]\" \/>\n<meta property=\"og:url\" content=\"https:\/\/www.racyja.com\/archivy\/padlyashski-kantsert-pazhadannyau\/\" \/>\n<meta property=\"og:site_name\" content=\"\u0411\u0415\u041b\u0410\u0420\u0423\u0421\u041a\u0410\u0415 \u0420\u0410\u0414\u042b\u0401 \u0420\u0410\u0426\u042b\u042f\" \/>\n<meta property=\"article:modified_time\" content=\"2022-04-30T15:25:28+00:00\" \/>\n<meta property=\"og:image\" content=\"https:\/\/www.racyja.com\/archivy\/wp-content\/uploads\/2014\/07\/podlaski-koncert-zyczen.png\" \/>\n\t<meta property=\"og:image:width\" content=\"480\" \/>\n\t<meta property=\"og:image:height\" content=\"480\" \/>\n\t<meta property=\"og:image:type\" content=\"image\/png\" \/>\n<meta name=\"twitter:card\" content=\"summary_large_image\" \/>\n<meta name=\"twitter:label1\" content=\"Szacowany czas czytania\" \/>\n\t<meta name=\"twitter:data1\" content=\"3 minuty\" \/>\n<script type=\"application\/ld+json\" class=\"yoast-schema-graph\">{\"@context\":\"https:\/\/schema.org\",\"@graph\":[{\"@type\":\"WebPage\",\"@id\":\"https:\/\/www.racyja.com\/archivy\/padlyashski-kantsert-pazhadannyau\/\",\"url\":\"https:\/\/www.racyja.com\/archivy\/padlyashski-kantsert-pazhadannyau\/\",\"name\":\"\u041f\u0430\u0434\u043b\u044f\u0448\u0441\u043a\u0456 \u043a\u0430\u043d\u0446\u044d\u0440\u0442 \u043f\u0430\u0436\u0430\u0434\u0430\u043d\u043d\u044f\u045e - \u0411\u0415\u041b\u0410\u0420\u0423\u0421\u041a\u0410\u0415 \u0420\u0410\u0414\u042b\u0401 \u0420\u0410\u0426\u042b\u042f\",\"isPartOf\":{\"@id\":\"https:\/\/www.racyja.com\/archivy\/#website\"},\"primaryImageOfPage\":{\"@id\":\"https:\/\/www.racyja.com\/archivy\/padlyashski-kantsert-pazhadannyau\/#primaryimage\"},\"image\":{\"@id\":\"https:\/\/www.racyja.com\/archivy\/padlyashski-kantsert-pazhadannyau\/#primaryimage\"},\"thumbnailUrl\":\"https:\/\/www.racyja.com\/archivy\/wp-content\/uploads\/2014\/07\/podlaski-koncert-zyczen.png\",\"datePublished\":\"2014-07-04T17:53:09+00:00\",\"dateModified\":\"2022-04-30T15:25:28+00:00\",\"breadcrumb\":{\"@id\":\"https:\/\/www.racyja.com\/archivy\/padlyashski-kantsert-pazhadannyau\/#breadcrumb\"},\"inLanguage\":\"pl-PL\",\"potentialAction\":[{\"@type\":\"ReadAction\",\"target\":[\"https:\/\/www.racyja.com\/archivy\/padlyashski-kantsert-pazhadannyau\/\"]}]},{\"@type\":\"ImageObject\",\"inLanguage\":\"pl-PL\",\"@id\":\"https:\/\/www.racyja.com\/archivy\/padlyashski-kantsert-pazhadannyau\/#primaryimage\",\"url\":\"https:\/\/www.racyja.com\/archivy\/wp-content\/uploads\/2014\/07\/podlaski-koncert-zyczen.png\",\"contentUrl\":\"https:\/\/www.racyja.com\/archivy\/wp-content\/uploads\/2014\/07\/podlaski-koncert-zyczen.png\",\"width\":480,\"height\":480},{\"@type\":\"BreadcrumbList\",\"@id\":\"https:\/\/www.racyja.com\/archivy\/padlyashski-kantsert-pazhadannyau\/#breadcrumb\",\"itemListElement\":[{\"@type\":\"ListItem\",\"position\":1,\"name\":\"Strona g\u0142\u00f3wna\",\"item\":\"https:\/\/www.racyja.com\/archivy\/\"},{\"@type\":\"ListItem\",\"position\":2,\"name\":\"\u041f\u0430\u0434\u043b\u044f\u0448\u0441\u043a\u0456 \u043a\u0430\u043d\u0446\u044d\u0440\u0442 \u043f\u0430\u0436\u0430\u0434\u0430\u043d\u043d\u044f\u045e\"}]},{\"@type\":\"WebSite\",\"@id\":\"https:\/\/www.racyja.com\/archivy\/#website\",\"url\":\"https:\/\/www.racyja.com\/archivy\/\",\"name\":\"\u0411\u0415\u041b\u0410\u0420\u0423\u0421\u041a\u0410\u0415 \u0420\u0410\u0414\u042b\u0401 \u0420\u0410\u0426\u042b\u042f\",\"description\":\"\u0411\u0415\u041b\u0410\u0420\u0423\u0421\u041a\u0410\u0415 \u0420\u0410\u0414\u042b\u0401 \u0420\u0410\u0426\u042b\u042f\",\"potentialAction\":[{\"@type\":\"SearchAction\",\"target\":{\"@type\":\"EntryPoint\",\"urlTemplate\":\"https:\/\/www.racyja.com\/archivy\/?s={search_term_string}\"},\"query-input\":{\"@type\":\"PropertyValueSpecification\",\"valueRequired\":true,\"valueName\":\"search_term_string\"}}],\"inLanguage\":\"pl-PL\"}]}<\/script>\n<!-- \/ Yoast SEO plugin. -->","yoast_head_json":{"title":"\u041f\u0430\u0434\u043b\u044f\u0448\u0441\u043a\u0456 \u043a\u0430\u043d\u0446\u044d\u0440\u0442 \u043f\u0430\u0436\u0430\u0434\u0430\u043d\u043d\u044f\u045e - \u0411\u0415\u041b\u0410\u0420\u0423\u0421\u041a\u0410\u0415 \u0420\u0410\u0414\u042b\u0401 \u0420\u0410\u0426\u042b\u042f","robots":{"index":"noindex","follow":"follow","max-snippet":"max-snippet:-1","max-image-preview":"max-image-preview:large","max-video-preview":"max-video-preview:-1"},"og_locale":"pl_PL","og_type":"article","og_title":"\u041f\u0430\u0434\u043b\u044f\u0448\u0441\u043a\u0456 \u043a\u0430\u043d\u0446\u044d\u0440\u0442 \u043f\u0430\u0436\u0430\u0434\u0430\u043d\u043d\u044f\u045e - \u0411\u0415\u041b\u0410\u0420\u0423\u0421\u041a\u0410\u0415 \u0420\u0410\u0414\u042b\u0401 \u0420\u0410\u0426\u042b\u042f","og_description":"[ninja_forms_display_form id=2] kancert@racyja.com \u0442\u044d\u043b. \u0434\u043b\u044f SMS +48 508 667 663 \u0442\u044d\u043b. \u0434\u043b\u044f \u0441\u043b\u0443\u0445\u0430\u0447\u043e\u045e +48 85 654 51 51 (\u0441\u0443\u0431\u043e\u0442\u0430 \u045e \u0433\u0430\u0434\u0437\u0456\u043d\u0430\u0445 18:00 &#8211; 21:00) &nbsp; Zgodnie z art. 13 og\u00f3lnego rozporz\u0105dzenia o ochronie danych osobowych (okre\u015blane jako &#8222;RODO&#8221;) z dnia 27 kwietnia 2016 r. (Dz. Urz. UE L 119 z 04.05.2016) chcieliby\u015bmy poinformowa\u0107 Pa\u0144stwa o [&hellip;]","og_url":"https:\/\/www.racyja.com\/archivy\/padlyashski-kantsert-pazhadannyau\/","og_site_name":"\u0411\u0415\u041b\u0410\u0420\u0423\u0421\u041a\u0410\u0415 \u0420\u0410\u0414\u042b\u0401 \u0420\u0410\u0426\u042b\u042f","article_modified_time":"2022-04-30T15:25:28+00:00","og_image":[{"width":480,"height":480,"url":"https:\/\/www.racyja.com\/archivy\/wp-content\/uploads\/2014\/07\/podlaski-koncert-zyczen.png","type":"image\/png"}],"twitter_card":"summary_large_image","twitter_misc":{"Szacowany czas czytania":"3 minuty"},"schema":{"@context":"https:\/\/schema.org","@graph":[{"@type":"WebPage","@id":"https:\/\/www.racyja.com\/archivy\/padlyashski-kantsert-pazhadannyau\/","url":"https:\/\/www.racyja.com\/archivy\/padlyashski-kantsert-pazhadannyau\/","name":"\u041f\u0430\u0434\u043b\u044f\u0448\u0441\u043a\u0456 \u043a\u0430\u043d\u0446\u044d\u0440\u0442 \u043f\u0430\u0436\u0430\u0434\u0430\u043d\u043d\u044f\u045e - \u0411\u0415\u041b\u0410\u0420\u0423\u0421\u041a\u0410\u0415 \u0420\u0410\u0414\u042b\u0401 \u0420\u0410\u0426\u042b\u042f","isPartOf":{"@id":"https:\/\/www.racyja.com\/archivy\/#website"},"primaryImageOfPage":{"@id":"https:\/\/www.racyja.com\/archivy\/padlyashski-kantsert-pazhadannyau\/#primaryimage"},"image":{"@id":"https:\/\/www.racyja.com\/archivy\/padlyashski-kantsert-pazhadannyau\/#primaryimage"},"thumbnailUrl":"https:\/\/www.racyja.com\/archivy\/wp-content\/uploads\/2014\/07\/podlaski-koncert-zyczen.png","datePublished":"2014-07-04T17:53:09+00:00","dateModified":"2022-04-30T15:25:28+00:00","breadcrumb":{"@id":"https:\/\/www.racyja.com\/archivy\/padlyashski-kantsert-pazhadannyau\/#breadcrumb"},"inLanguage":"pl-PL","potentialAction":[{"@type":"ReadAction","target":["https:\/\/www.racyja.com\/archivy\/padlyashski-kantsert-pazhadannyau\/"]}]},{"@type":"ImageObject","inLanguage":"pl-PL","@id":"https:\/\/www.racyja.com\/archivy\/padlyashski-kantsert-pazhadannyau\/#primaryimage","url":"https:\/\/www.racyja.com\/archivy\/wp-content\/uploads\/2014\/07\/podlaski-koncert-zyczen.png","contentUrl":"https:\/\/www.racyja.com\/archivy\/wp-content\/uploads\/2014\/07\/podlaski-koncert-zyczen.png","width":480,"height":480},{"@type":"BreadcrumbList","@id":"https:\/\/www.racyja.com\/archivy\/padlyashski-kantsert-pazhadannyau\/#breadcrumb","itemListElement":[{"@type":"ListItem","position":1,"name":"Strona g\u0142\u00f3wna","item":"https:\/\/www.racyja.com\/archivy\/"},{"@type":"ListItem","position":2,"name":"\u041f\u0430\u0434\u043b\u044f\u0448\u0441\u043a\u0456 \u043a\u0430\u043d\u0446\u044d\u0440\u0442 \u043f\u0430\u0436\u0430\u0434\u0430\u043d\u043d\u044f\u045e"}]},{"@type":"WebSite","@id":"https:\/\/www.racyja.com\/archivy\/#website","url":"https:\/\/www.racyja.com\/archivy\/","name":"\u0411\u0415\u041b\u0410\u0420\u0423\u0421\u041a\u0410\u0415 \u0420\u0410\u0414\u042b\u0401 \u0420\u0410\u0426\u042b\u042f","description":"\u0411\u0415\u041b\u0410\u0420\u0423\u0421\u041a\u0410\u0415 \u0420\u0410\u0414\u042b\u0401 \u0420\u0410\u0426\u042b\u042f","potentialAction":[{"@type":"SearchAction","target":{"@type":"EntryPoint","urlTemplate":"https:\/\/www.racyja.com\/archivy\/?s={search_term_string}"},"query-input":{"@type":"PropertyValueSpecification","valueRequired":true,"valueName":"search_term_string"}}],"inLanguage":"pl-PL"}]}},"_links":{"self":[{"href":"https:\/\/www.racyja.com\/archivy\/wp-json\/wp\/v2\/pages\/1938","targetHints":{"allow":["GET"]}}],"collection":[{"href":"https:\/\/www.racyja.com\/archivy\/wp-json\/wp\/v2\/pages"}],"about":[{"href":"https:\/\/www.racyja.com\/archivy\/wp-json\/wp\/v2\/types\/page"}],"author":[{"embeddable":true,"href":"https:\/\/www.racyja.com\/archivy\/wp-json\/wp\/v2\/users\/1"}],"replies":[{"embeddable":true,"href":"https:\/\/www.racyja.com\/archivy\/wp-json\/wp\/v2\/comments?post=1938"}],"version-history":[{"count":0,"href":"https:\/\/www.racyja.com\/archivy\/wp-json\/wp\/v2\/pages\/1938\/revisions"}],"wp:featuredmedia":[{"embeddable":true,"href":"https:\/\/www.racyja.com\/archivy\/wp-json\/wp\/v2\/media\/2700"}],"wp:attachment":[{"href":"https:\/\/www.racyja.com\/archivy\/wp-json\/wp\/v2\/media?parent=1938"}],"curies":[{"name":"wp","href":"https:\/\/api.w.org\/{rel}","templated":true}]}}